{"id":3615,"date":"2023-06-14T12:58:39","date_gmt":"2023-06-14T12:58:39","guid":{"rendered":"https:\/\/dijitalfinans.io\/contact\/"},"modified":"2024-12-09T07:29:43","modified_gmt":"2024-12-09T07:29:43","slug":"contact","status":"publish","type":"page","link":"https:\/\/dijitalfinans.io\/en\/contact\/","title":{"rendered":"Contact"},"content":{"rendered":"\t\t<div data-elementor-type=\"wp-page\" data-elementor-id=\"3615\" class=\"elementor elementor-3615 elementor-169\">\n\t\t\t\t\t\t<section class=\"elementor-section elementor-top-section elementor-element elementor-element-b1ff7b2 elementor-section-full_width elementor-section-height-default elementor-section-height-default\" data-id=\"b1ff7b2\" data-element_type=\"section\">\n\t\t\t\t\t\t<div class=\"elementor-container elementor-column-gap-no\">\n\t\t\t\t\t<div class=\"elementor-column elementor-col-100 elementor-top-column elementor-element elementor-element-2a578e9\" data-id=\"2a578e9\" data-element_type=\"column\">\n\t\t\t<div class=\"elementor-widget-wrap elementor-element-populated\">\n\t\t\t\t\t\t<div class=\"elementor-element elementor-element-f1d1e87 elementor-widget elementor-widget-consua_contact_form\" data-id=\"f1d1e87\" data-element_type=\"widget\" data-widget_type=\"consua_contact_form.default\">\n\t\t\t\t<div class=\"elementor-widget-container\">\n\t\t\t    <!-- Start Contact Us \r\n    ============================================= -->\r\n    <div class=\"contact-style-one-area overflow-hidden default-padding\">\r\n\r\n\t\t       \r\n        <div class=\"container\">\r\n            <div class=\"row align-center\">\r\n\r\n                <div class=\"contact-stye-one col-lg-5 mb-md-50 mb-xs-20\">\r\n\r\n                    <div class=\"contact-style-one-info\">\r\n                    \t                        \t<h2>Get in Touch<\/h2>\r\n                    \t                    \t\t                        <p>\r\n\t                         DITECH Dijital Teknoloji \u00c7\u00f6z\u00fcmleri Ticaret A.\u015e.\t                        <\/p>\r\n                                                <ul>\r\n\t\t\t\t\t\t\t\t                            <li class=\"wow fadeInUp\">\r\n\t                                <div class=\"icon\">\r\n\t                                   \t\t\t\t\t\t                    \t\t\t\t\t                    \t\t\t\t\t                        <i class=\"fas fa-map-marker-alt\"><\/i>\r\n\t\t\t\t\t                    \t                                <\/div>\r\n\t                                <div class=\"content\">\r\n\t                                \t<h5 class=\"title\">Address<\/h5>\r\n\t                                  \tEsentepe Mh. Keskin Kalem Sk. No:17-2A<br> Arya Plaza \u015ei\u015fli \u0130stanbul\t                                <\/div>\r\n\t                            <\/li>\r\n                           \t                            <li class=\"wow fadeInUp\">\r\n\t                                <div class=\"icon\">\r\n\t                                   \t\t\t\t\t\t                    \t\t\t\t\t                    \t\t\t\t\t                        <i class=\"fas fa-envelope\"><\/i>\r\n\t\t\t\t\t                    \t                                <\/div>\r\n\t                                <div class=\"content\">\r\n\t                                \t<h5 class=\"title\">E-mail<\/h5>\r\n\t                                  \t<a href=\"mailto:info@dijitalfinans.io\">info@dijitalfinans.io<\/a>\t                                <\/div>\r\n\t                            <\/li>\r\n                           \t                            <li class=\"wow fadeInUp\">\r\n\t                                <div class=\"icon\">\r\n\t                                   \t\t\t\t\t\t                    \t\t\t\t\t                    \t\t\t\t\t                        <i class=\"fas fa-phone-alt\"><\/i>\r\n\t\t\t\t\t                    \t                                <\/div>\r\n\t                                <div class=\"content\">\r\n\t                                \t<h5 class=\"title\">Phone<\/h5>\r\n\t                                  \t+90 212 706 52 32\t                                <\/div>\r\n\t                            <\/li>\r\n                                                   <\/ul>\r\n                    <\/div>\r\n                <\/div>\r\n                \r\n                <div class=\"contact-stye-one col-lg-7 pl-60 pl-md-15 pl-xs-15\">\r\n                    <div class=\"contact-form-style-one\">\r\n                    \t\t                        <h5 class=\"sub-title\">Have questions? <\/h5>\r\n\t                    \t                                            \t<h2 class=\"heading\">Send us a message.<\/h2>\r\n                                                                        \t\n<div class=\"wpcf7 no-js\" id=\"wpcf7-f3962-o1\" lang=\"tr-TR\" dir=\"ltr\" data-wpcf7-id=\"3962\">\n<div class=\"screen-reader-response\"><p role=\"status\" aria-live=\"polite\" aria-atomic=\"true\"><\/p> <ul><\/ul><\/div>\n<form action=\"\/en\/wp-json\/wp\/v2\/pages\/3615#wpcf7-f3962-o1\" method=\"post\" class=\"wpcf7-form init\" aria-label=\"\u0130leti\u015fim Formu\" novalidate=\"novalidate\" data-status=\"init\">\n<div style=\"display: none;\">\n<input type=\"hidden\" name=\"_wpcf7\" value=\"3962\" \/>\n<input type=\"hidden\" name=\"_wpcf7_version\" value=\"6.0\" \/>\n<input type=\"hidden\" name=\"_wpcf7_locale\" value=\"tr_TR\" \/>\n<input type=\"hidden\" name=\"_wpcf7_unit_tag\" value=\"wpcf7-f3962-o1\" \/>\n<input type=\"hidden\" name=\"_wpcf7_container_post\" value=\"0\" \/>\n<input type=\"hidden\" name=\"_wpcf7_posted_data_hash\" value=\"\" \/>\n<\/div>\n<div class=\"row\">\n    <div class=\"col-lg-12\">\n        <div class=\"form-group\">\n             <span class=\"wpcf7-form-control-wrap\" data-name=\"text-911\"><input size=\"40\" maxlength=\"400\" class=\"wpcf7-form-control wpcf7-text wpcf7-validates-as-required form-control\" id=\"name\" aria-required=\"true\" aria-invalid=\"false\" placeholder=\"Name - Surname\" value=\"\" type=\"text\" name=\"text-911\" \/><\/span>\n        <\/div>\n    <\/div>\n<\/div>\n<div class=\"row\">\n    <div class=\"col-lg-6\">\n        <div class=\"form-group\">\n            <span class=\"wpcf7-form-control-wrap\" data-name=\"text-912\"><input size=\"40\" maxlength=\"400\" class=\"wpcf7-form-control wpcf7-text wpcf7-validates-as-required form-control\" id=\"email\" aria-required=\"true\" aria-invalid=\"false\" placeholder=\"E-mail *\" value=\"\" type=\"text\" name=\"text-912\" \/><\/span>\n        <\/div>\n    <\/div>\n    <div class=\"col-lg-6\">\n        <div class=\"form-group\">\n            <span class=\"wpcf7-form-control-wrap\" data-name=\"text-913\"><input size=\"40\" maxlength=\"400\" class=\"wpcf7-form-control wpcf7-text wpcf7-validates-as-required form-control\" id=\"phone\" aria-required=\"true\" aria-invalid=\"false\" placeholder=\"Phone Number\" value=\"\" type=\"text\" name=\"text-913\" \/><\/span>\n        <\/div>\n    <\/div>\n<\/div>\n<div class=\"row\">\n    <div class=\"col-lg-12\">\n        <div class=\"form-group comments\">\n           <span class=\"wpcf7-form-control-wrap\" data-name=\"textarea-566\"><textarea cols=\"40\" rows=\"10\" maxlength=\"2000\" class=\"wpcf7-form-control wpcf7-textarea wpcf7-validates-as-required comments\" id=\"comments\" aria-required=\"true\" aria-invalid=\"false\" placeholder=\"Message *\" name=\"textarea-566\"><\/textarea><\/span>\n        <\/div>\n    <\/div>\n<\/div>\n<div class=\"row\">\n    <div class=\"col-lg-12\">\n        <button type=\"submit\" name=\"submit\" id=\"submit\"><i class=\"fa fa-paper-plane\"><\/i> Send<\/button>\n    <\/div>\n<\/div><div class=\"wpcf7-response-output\" aria-hidden=\"true\"><\/div>\n<\/form>\n<\/div>\n                                            <\/div>\r\n                <\/div>\r\n            <\/div>\r\n        <\/div>\r\n    <\/div>\r\n    <!-- End Contact -->\r\n\r\n\t\t\t<\/div>\n\t\t\t\t<\/div>\n\t\t\t\t\t<\/div>\n\t\t<\/div>\n\t\t\t\t\t<\/div>\n\t\t<\/section>\n\t\t\t\t<section class=\"elementor-section elementor-top-section elementor-element elementor-element-c0ac542 elementor-section-full_width elementor-section-height-default elementor-section-height-default\" data-id=\"c0ac542\" data-element_type=\"section\">\n\t\t\t\t\t\t<div class=\"elementor-container elementor-column-gap-no\">\n\t\t\t\t\t<div class=\"elementor-column elementor-col-100 elementor-top-column elementor-element elementor-element-444a0bb\" data-id=\"444a0bb\" data-element_type=\"column\">\n\t\t\t<div class=\"elementor-widget-wrap elementor-element-populated\">\n\t\t\t\t\t\t<div class=\"elementor-element elementor-element-21618de elementor-widget elementor-widget-google_maps\" data-id=\"21618de\" data-element_type=\"widget\" data-widget_type=\"google_maps.default\">\n\t\t\t\t<div class=\"elementor-widget-container\">\n\t\t\t\t\t<div class=\"elementor-custom-embed\">\n\t\t\t<iframe loading=\"lazy\"\n\t\t\t\t\tsrc=\"https:\/\/maps.google.com\/maps?q=Esentepe%20Mh.%20Keskin%20Kalem%20Sk.%20No%3A17-2A%3Cbr%3E%20Arya%20Plaza%20%C5%9Ei%C5%9Fli%20%C4%B0stanbul&#038;t=m&#038;z=20&#038;output=embed&#038;iwloc=near\"\n\t\t\t\t\ttitle=\"Esentepe Mh. Keskin Kalem Sk. No:17-2A&lt;br&gt; Arya Plaza \u015ei\u015fli \u0130stanbul\"\n\t\t\t\t\taria-label=\"Esentepe Mh. Keskin Kalem Sk. No:17-2A&lt;br&gt; Arya Plaza \u015ei\u015fli \u0130stanbul\"\n\t\t\t><\/iframe>\n\t\t<\/div>\n\t\t\t\t<\/div>\n\t\t\t\t<\/div>\n\t\t\t\t\t<\/div>\n\t\t<\/div>\n\t\t\t\t\t<\/div>\n\t\t<\/section>\n\t\t\t\t<\/div>\n\t\t","protected":false},"excerpt":{"rendered":"<p>Get in Touch DITECH Dijital Teknoloji \u00c7\u00f6z\u00fcmleri Ticaret A.\u015e. Address Esentepe Mh. Keskin Kalem Sk. No:17-2A Arya Plaza \u015ei\u015fli \u0130stanbul E-mail info@dijitalfinans.io Phone +90 212 706 52 32 Have questions? Send us a message. Send<\/p>\n","protected":false},"author":2,"featured_media":0,"parent":0,"menu_order":0,"comment_status":"closed","ping_status":"closed","template":"elementor_header_footer","meta":{"_coblocks_attr":"","_coblocks_dimensions":"","_coblocks_responsive_height":"","_coblocks_accordion_ie_support":"","_themeisle_gutenberg_block_has_review":false,"footnotes":""},"class_list":["post-3615","page","type-page","status-publish","hentry"],"_links":{"self":[{"href":"https:\/\/dijitalfinans.io\/en\/wp-json\/wp\/v2\/pages\/3615","targetHints":{"allow":["GET"]}}],"collection":[{"href":"https:\/\/dijitalfinans.io\/en\/wp-json\/wp\/v2\/pages"}],"about":[{"href":"https:\/\/dijitalfinans.io\/en\/wp-json\/wp\/v2\/types\/page"}],"author":[{"embeddable":true,"href":"https:\/\/dijitalfinans.io\/en\/wp-json\/wp\/v2\/users\/2"}],"replies":[{"embeddable":true,"href":"https:\/\/dijitalfinans.io\/en\/wp-json\/wp\/v2\/comments?post=3615"}],"version-history":[{"count":23,"href":"https:\/\/dijitalfinans.io\/en\/wp-json\/wp\/v2\/pages\/3615\/revisions"}],"predecessor-version":[{"id":4223,"href":"https:\/\/dijitalfinans.io\/en\/wp-json\/wp\/v2\/pages\/3615\/revisions\/4223"}],"wp:attachment":[{"href":"https:\/\/dijitalfinans.io\/en\/wp-json\/wp\/v2\/media?parent=3615"}],"curies":[{"name":"wp","href":"https:\/\/api.w.org\/{rel}","templated":true}]}}