{"id":3717,"date":"2024-10-02T08:34:55","date_gmt":"2024-10-02T08:34:55","guid":{"rendered":"https:\/\/dijitalfinans.io\/kariyer\/"},"modified":"2024-12-04T21:22:25","modified_gmt":"2024-12-04T21:22:25","slug":"career","status":"publish","type":"page","link":"https:\/\/dijitalfinans.io\/en\/career\/","title":{"rendered":"Career"},"content":{"rendered":"\t\t<div data-elementor-type=\"wp-page\" data-elementor-id=\"3717\" class=\"elementor elementor-3717 elementor-3095\">\n\t\t\t\t<div class=\"elementor-element elementor-element-9bd2238 e-flex e-con-boxed e-con e-parent\" data-id=\"9bd2238\" data-element_type=\"container\">\n\t\t\t\t\t<div class=\"e-con-inner\">\n\t\t<div class=\"elementor-element elementor-element-e8bf0cd e-con-full e-flex e-con e-child\" data-id=\"e8bf0cd\" data-element_type=\"container\">\n\t\t\t\t<div class=\"elementor-element elementor-element-d45be3a elementor-widget elementor-widget-image\" data-id=\"d45be3a\" data-element_type=\"widget\" data-widget_type=\"image.default\">\n\t\t\t\t<div class=\"elementor-widget-container\">\n\t\t\t\t\t\t\t\t\t\t\t\t\t<img fetchpriority=\"high\" decoding=\"async\" width=\"1080\" height=\"1080\" src=\"https:\/\/dijitalfinans.io\/wp-content\/uploads\/2024\/10\/hr-104548.jpg\" class=\"attachment-full size-full wp-image-3587\" alt=\"\" srcset=\"https:\/\/dijitalfinans.io\/wp-content\/uploads\/2024\/10\/hr-104548.jpg 1080w, https:\/\/dijitalfinans.io\/wp-content\/uploads\/2024\/10\/hr-104548-300x300.jpg 300w, https:\/\/dijitalfinans.io\/wp-content\/uploads\/2024\/10\/hr-104548-1024x1024.jpg 1024w, https:\/\/dijitalfinans.io\/wp-content\/uploads\/2024\/10\/hr-104548-150x150.jpg 150w, https:\/\/dijitalfinans.io\/wp-content\/uploads\/2024\/10\/hr-104548-768x768.jpg 768w, https:\/\/dijitalfinans.io\/wp-content\/uploads\/2024\/10\/hr-104548-80x80.jpg 80w\" sizes=\"(max-width: 1080px) 100vw, 1080px\" \/>\t\t\t\t\t\t\t\t\t\t\t\t\t<\/div>\n\t\t\t\t<\/div>\n\t\t\t\t<\/div>\n\t\t<div class=\"elementor-element elementor-element-f003c70 e-con-full e-flex e-con e-child\" data-id=\"f003c70\" data-element_type=\"container\">\n\t\t\t\t<div class=\"elementor-element elementor-element-14186f8 elementor-widget elementor-widget-heading\" data-id=\"14186f8\" data-element_type=\"widget\" data-widget_type=\"heading.default\">\n\t\t\t\t<div class=\"elementor-widget-container\">\n\t\t\t<h1 class=\"elementor-heading-title elementor-size-default\">Join a team that grows and develops together!<\/h1>\t\t<\/div>\n\t\t\t\t<\/div>\n\t\t\t\t<div class=\"elementor-element elementor-element-5bd27a8 elementor-widget elementor-widget-text-editor\" data-id=\"5bd27a8\" data-element_type=\"widget\" data-widget_type=\"text-editor.default\">\n\t\t\t\t<div class=\"elementor-widget-container\">\n\t\t\t\t\t\t\t<p>We are a team that achieves together! You can be part of this team. We aim to create an environment where each individual can discover and develop their own talents.<\/p><p>DITECH is a technology company with over 20 years of experience, specializing in credit processes within the banking and telecommunications sectors. The DijitalFinans Platform by DITECH offers a solution that brings together dealers, customers, and financial institutions.<\/p><p>If you want to add value to yourself and your work, join us!<\/p>\t\t\t\t\t\t<\/div>\n\t\t\t\t<\/div>\n\t\t\t\t<\/div>\n\t\t\t\t\t<\/div>\n\t\t\t\t<\/div>\n\t\t<div class=\"elementor-element elementor-element-18f8e9d elementor-hidden-desktop elementor-hidden-tablet elementor-hidden-mobile e-flex e-con-boxed e-con e-parent\" data-id=\"18f8e9d\" data-element_type=\"container\" data-settings=\"{&quot;background_background&quot;:&quot;classic&quot;,&quot;shape_divider_top&quot;:&quot;arrow&quot;,&quot;shape_divider_bottom&quot;:&quot;arrow&quot;,&quot;shape_divider_bottom_negative&quot;:&quot;yes&quot;}\">\n\t\t\t\t\t<div class=\"e-con-inner\">\n\t\t\t\t<div class=\"elementor-shape elementor-shape-top\" data-negative=\"false\">\n\t\t\t<svg xmlns=\"http:\/\/www.w3.org\/2000\/svg\" viewBox=\"0 0 700 10\" preserveAspectRatio=\"none\">\n\t<path class=\"elementor-shape-fill\" d=\"M350,10L340,0h20L350,10z\"\/>\n<\/svg>\t\t<\/div>\n\t\t\t\t<div class=\"elementor-shape elementor-shape-bottom\" data-negative=\"true\">\n\t\t\t<svg xmlns=\"http:\/\/www.w3.org\/2000\/svg\" viewBox=\"0 0 700 10\" preserveAspectRatio=\"none\">\n\t<path class=\"elementor-shape-fill\" d=\"M360 0L350 9.9 340 0 0 0 0 10 700 10 700 0\"\/>\n<\/svg>\t\t<\/div>\n\t\t<div class=\"elementor-element elementor-element-94490c1 e-con-full e-flex e-con e-child\" data-id=\"94490c1\" data-element_type=\"container\">\n\t\t\t\t<div class=\"elementor-element elementor-element-e707ae1 elementor-widget elementor-widget-heading\" data-id=\"e707ae1\" data-element_type=\"widget\" data-widget_type=\"heading.default\">\n\t\t\t\t<div class=\"elementor-widget-container\">\n\t\t\t<h1 class=\"elementor-heading-title elementor-size-default\">\u0130\u015f \u0130lanlar\u0131m\u0131z<\/h1>\t\t<\/div>\n\t\t\t\t<\/div>\n\t\t\t\t<div class=\"elementor-element elementor-element-42af892 elementor-hidden-desktop elementor-hidden-tablet elementor-hidden-mobile elementor-widget elementor-widget-heading\" data-id=\"42af892\" data-element_type=\"widget\" data-widget_type=\"heading.default\">\n\t\t\t\t<div class=\"elementor-widget-container\">\n\t\t\t<h3 class=\"elementor-heading-title elementor-size-default\"><a href=\"https:\/\/www.linkedin.com\/jobs\/view\/4048414351\/?refId=z%2BEG6Fc4TeOTIswGaCdAJw%3D%3D&#038;trackingId=z%2BEG6Fc4TeOTIswGaCdAJw%3D%3D&#038;original_referer=\" target=\"_blank\" rel=\"nofollow noopener\">Senior Credit Software Developer (Remote)<\/a><\/h3>\t\t<\/div>\n\t\t\t\t<\/div>\n\t\t\t\t<div class=\"elementor-element elementor-element-daec765 elementor-hidden-desktop elementor-hidden-tablet elementor-hidden-mobile elementor-widget elementor-widget-text-editor\" data-id=\"daec765\" data-element_type=\"widget\" data-widget_type=\"text-editor.default\">\n\t\t\t\t<div class=\"elementor-widget-container\">\n\t\t\t\t\t\t\t<p><strong>Arad\u0131\u011f\u0131m\u0131z Nitelikler<\/strong><\/p>\n<ul>\n<li>Bilgisayar Bilimleri \/ M\u00fchendislik veya ilgili b\u00f6l\u00fcmlerden lisans derecesine sahip,<\/li>\n<li>.NET geli\u015ftirme alan\u0131nda en az 3 y\u0131l deneyimli,<\/li>\n<li>C# ve SQL konular\u0131nda bilgi sahibi,<\/li>\n<li>Web API ile \u00e7al\u0131\u015fma deneyimi olan,<\/li>\n<li>OOP, Design Patterns, Unit Testing konular\u0131nda g\u00fc\u00e7l\u00fc bilgiye sahip,<\/li>\n<li>Tercihen da\u011f\u0131t\u0131k sistemler, mikro servisler ve bulut tabanl\u0131 uygulama mimarisi hakk\u0131nda bilgi sahibi,<\/li>\n<li>Tercihen .Net Core, React.js, TypeScript gibi teknolojilerde deneyim sahibi,<\/li>\n<li>Tercihen container ara\u00e7lar\u0131 (Docker, Kubernetes, vb.) hakk\u0131nda bilgi sahibi.<\/li>\n<\/ul>\n<p><strong>Sorumluluklar\u0131n\u0131z<\/strong><\/p>\n<ul>\n<li>Yaz\u0131l\u0131m projelerinin teknik tasar\u0131m\u0131 ve kod geli\u015ftirme s\u00fcre\u00e7lerinden sorumlu olacaks\u0131n\u0131z,<\/li>\n<li>\u0130\u015f s\u00fcre\u00e7lerinin geli\u015ftirilmesine kat\u0131lacak ve s\u00fcreklilik ile kalite standartlar\u0131n\u0131n iyile\u015ftirilmesini destekleyeceksiniz,<\/li>\n<li>\u0130\u015f ihtiya\u00e7lar\u0131n\u0131 kar\u015f\u0131lamak i\u00e7in uygulamalar\u0131n tasar\u0131m\u0131, geli\u015ftirilmesi, bak\u0131m\u0131, mimari yap\u0131s\u0131 ve veri taban\u0131 d\u00fczenlemelerini ger\u00e7ekle\u015ftireceksiniz.<\/li>\n<\/ul>\t\t\t\t\t\t<\/div>\n\t\t\t\t<\/div>\n\t\t\t\t<div class=\"elementor-element elementor-element-7064383 elementor-mobile-align-center elementor-hidden-desktop elementor-hidden-tablet elementor-hidden-mobile elementor-widget elementor-widget-button\" data-id=\"7064383\" data-element_type=\"widget\" data-widget_type=\"button.default\">\n\t\t\t\t<div class=\"elementor-widget-container\">\n\t\t\t\t\t\t\t<div class=\"elementor-button-wrapper\">\n\t\t\t\t\t<a class=\"elementor-button elementor-button-link elementor-size-sm\" href=\"https:\/\/www.linkedin.com\/jobs\/view\/4048414351\" target=\"_blank\" rel=\"noopener\">\n\t\t\t\t\t\t<span class=\"elementor-button-content-wrapper\">\n\t\t\t\t\t\t<span class=\"elementor-button-icon\">\n\t\t\t\t<svg aria-hidden=\"true\" class=\"e-font-icon-svg e-far-arrow-alt-circle-right\" viewBox=\"0 0 512 512\" xmlns=\"http:\/\/www.w3.org\/2000\/svg\"><path d=\"M504 256C504 119 393 8 256 8S8 119 8 256s111 248 248 248 248-111 248-248zm-448 0c0-110.5 89.5-200 200-200s200 89.5 200 200-89.5 200-200 200S56 366.5 56 256zm72 20v-40c0-6.6 5.4-12 12-12h116v-67c0-10.7 12.9-16 20.5-8.5l99 99c4.7 4.7 4.7 12.3 0 17l-99 99c-7.6 7.6-20.5 2.2-20.5-8.5v-67H140c-6.6 0-12-5.4-12-12z\"><\/path><\/svg>\t\t\t<\/span>\n\t\t\t\t\t\t\t\t\t<span class=\"elementor-button-text\">Ba\u015fvuru Yap<\/span>\n\t\t\t\t\t<\/span>\n\t\t\t\t\t<\/a>\n\t\t\t\t<\/div>\n\t\t\t\t\t\t<\/div>\n\t\t\t\t<\/div>\n\t\t\t\t<\/div>\n\t\t\t\t\t<\/div>\n\t\t\t\t<\/div>\n\t\t<div class=\"elementor-element elementor-element-7966c55 elementor-hidden-desktop elementor-hidden-tablet elementor-hidden-mobile e-flex e-con-boxed e-con e-parent\" data-id=\"7966c55\" data-element_type=\"container\">\n\t\t\t\t\t<div class=\"e-con-inner\">\n\t\t<div class=\"elementor-element elementor-element-7c2797d e-con-full e-flex e-con e-child\" data-id=\"7c2797d\" data-element_type=\"container\">\n\t\t\t\t<div class=\"elementor-element elementor-element-c7d5311 elementor-widget elementor-widget-heading\" data-id=\"c7d5311\" data-element_type=\"widget\" data-widget_type=\"heading.default\">\n\t\t\t\t<div class=\"elementor-widget-container\">\n\t\t\t<h3 class=\"elementor-heading-title elementor-size-default\">Credit System Analyst (Remote)<\/h3>\t\t<\/div>\n\t\t\t\t<\/div>\n\t\t\t\t<div class=\"elementor-element elementor-element-e31bc22 elementor-widget elementor-widget-text-editor\" data-id=\"e31bc22\" data-element_type=\"widget\" data-widget_type=\"text-editor.default\">\n\t\t\t\t<div class=\"elementor-widget-container\">\n\t\t\t\t\t\t\t<p><strong>Arad\u0131\u011f\u0131m\u0131z Nitelikler<\/strong><\/p>\n<ul>\n<li>Bilgisayar M\u00fchendisli\u011fi, End\u00fcstri M\u00fchendisli\u011fi, Matematik veya benzer bir alanda lisans derecesi,<\/li>\n<li>En az 3 y\u0131ll\u0131k tecr\u00fcbe,<\/li>\n<li>G\u00fc\u00e7l\u00fc analitik d\u00fc\u015f\u00fcnme yetene\u011fi,<\/li>\n<li>SQL bilgisi,<\/li>\n<li>Dok\u00fcmantasyon konusunda deneyim ve yetenek,<\/li>\n<li>\u00dcst\u00fcn ileti\u015fim becerileri,<\/li>\n<li>G\u00fc\u00e7l\u00fc problem \u00e7\u00f6zme kabiliyeti,<\/li>\n<li>Ayn\u0131 anda birden fazla analiz ve ihtiyac\u0131 koordine etme konusunda ba\u015far\u0131l\u0131,<\/li>\n<li>Test plan\u0131 geli\u015ftirmeden g\u00fcvenilir ve do\u011frulanabilir test vakas\u0131 geli\u015ftirme ve sonu\u00e7lar\u0131na kadar yaz\u0131l\u0131m testleri hakk\u0131nda bilgi sahibi,<\/li>\n<li>\u00c7e\u015fitli ekiplerle \u00e7al\u0131\u015fmada kan\u0131tlanm\u0131\u015f ba\u015far\u0131,<\/li>\n<li>Ayr\u0131nt\u0131l\u0131 bilgileri organize etme ve analiz etme yetene\u011fi.<\/li>\n<\/ul>\n<p><strong>G\u00f6rev ve Sorumluluklar\u0131n\u0131z<\/strong><\/p>\n<ul>\n<li>M\u00fc\u015fteri ekipleriyle yak\u0131n i\u015f birli\u011fi yaparak, kapsaml\u0131 bir i\u015f gereksinim belgesi olu\u015fturmak i\u00e7in i\u015f ihtiya\u00e7lar\u0131n\u0131 toplamak ve netle\u015ftirmek,<\/li>\n<li>Projelerin sat\u0131\u015f \u00f6ncesi a\u015famas\u0131nda, gereksinim analizi ve s\u00fcre\u00e7 tasar\u0131m\u0131na y\u00f6nelik \u00e7al\u0131\u015fmalarda proaktif bir rol \u00fcstlenmek,<\/li>\n<li>Farkl\u0131 i\u015f birimlerinden (\u00f6r. sat\u0131\u015f, finans, operasyon, hukuk, uyumluluk) payda\u015flarla birlikte, analizleri ve i\u015f gereksinimleri dok\u00fcmantasyonunu ortakla\u015fa geli\u015ftirmek; geli\u015ftirme, y\u00f6netim ve \u00fcst y\u00f6netim ekipleriyle etkili ve verimli ileti\u015fim sa\u011flamak,<\/li>\n<li>Stratejik \u00e7\u00f6z\u00fcm alternatifleri \u00fcretmek i\u00e7in k\u0131yaslama ve veri odakl\u0131 de\u011ferlendirme becerilerini uygulamak,<\/li>\n<li>\u0130\u00e7 ve d\u0131\u015f dok\u00fcmantasyonu haz\u0131rlamak, g\u00fcncellemek ve resmi olarak gereksinimlerin iletilmesini ve dok\u00fcmantasyonun teslimini ger\u00e7ekle\u015ftirmek.<\/li>\n<\/ul>\n\t\t\t\t\t\t<\/div>\n\t\t\t\t<\/div>\n\t\t\t\t<div class=\"elementor-element elementor-element-936c096 elementor-mobile-align-center elementor-widget elementor-widget-button\" data-id=\"936c096\" data-element_type=\"widget\" data-widget_type=\"button.default\">\n\t\t\t\t<div class=\"elementor-widget-container\">\n\t\t\t\t\t\t\t<div class=\"elementor-button-wrapper\">\n\t\t\t\t\t<a class=\"elementor-button elementor-button-link elementor-size-sm\" href=\"https:\/\/www.linkedin.com\/jobs\/view\/4047668939\" target=\"_blank\" rel=\"noopener\">\n\t\t\t\t\t\t<span class=\"elementor-button-content-wrapper\">\n\t\t\t\t\t\t<span class=\"elementor-button-icon\">\n\t\t\t\t<svg aria-hidden=\"true\" class=\"e-font-icon-svg e-far-arrow-alt-circle-right\" viewBox=\"0 0 512 512\" xmlns=\"http:\/\/www.w3.org\/2000\/svg\"><path d=\"M504 256C504 119 393 8 256 8S8 119 8 256s111 248 248 248 248-111 248-248zm-448 0c0-110.5 89.5-200 200-200s200 89.5 200 200-89.5 200-200 200S56 366.5 56 256zm72 20v-40c0-6.6 5.4-12 12-12h116v-67c0-10.7 12.9-16 20.5-8.5l99 99c4.7 4.7 4.7 12.3 0 17l-99 99c-7.6 7.6-20.5 2.2-20.5-8.5v-67H140c-6.6 0-12-5.4-12-12z\"><\/path><\/svg>\t\t\t<\/span>\n\t\t\t\t\t\t\t\t\t<span class=\"elementor-button-text\">Ba\u015fvuru Yap<\/span>\n\t\t\t\t\t<\/span>\n\t\t\t\t\t<\/a>\n\t\t\t\t<\/div>\n\t\t\t\t\t\t<\/div>\n\t\t\t\t<\/div>\n\t\t\t\t<\/div>\n\t\t\t\t\t<\/div>\n\t\t\t\t<\/div>\n\t\t\t\t<section class=\"elementor-section elementor-top-section elementor-element elementor-element-e0d8b0a elementor-section-full_width elementor-section-height-default elementor-section-height-default\" data-id=\"e0d8b0a\" data-element_type=\"section\">\n\t\t\t\t\t\t<div class=\"elementor-container elementor-column-gap-no\">\n\t\t\t\t\t<div class=\"elementor-column elementor-col-100 elementor-top-column elementor-element elementor-element-5364cbc\" data-id=\"5364cbc\" data-element_type=\"column\">\n\t\t\t<div class=\"elementor-widget-wrap elementor-element-populated\">\n\t\t\t\t\t\t<div class=\"elementor-element elementor-element-2cd40f3 elementor-widget elementor-widget-consua_request_callback\" data-id=\"2cd40f3\" data-element_type=\"widget\" data-widget_type=\"consua_request_callback.default\">\n\t\t\t\t<div class=\"elementor-widget-container\">\n\t\t\t\r\n    <!-- Start Request Call Back \r\n    ============================================= -->\r\n    <div class=\"request-call-back-area text-light default-padding\" style=\"background-image: url(https:\/\/validthemes.net\/themeforest\/wp\/consua\/wp-content\/uploads\/2023\/06\/13.jpg);\">\r\n        <div class=\"container\">\r\n            <div class=\"row align-center\">\r\n                <div class=\"col-lg-6\">\r\n                    <h2 class=\"title\">For more information about DigitalFinance, contact us.<\/h2>\r\n                                        \t<a class=\"btn circle btn-light mt-30 mt-md-15 mt-xs-10 btn-md radius animation\" href=\"https:\/\/dijitalfinans.io\/en\/contact\">Contact Us<\/a>\r\n                \t                <\/div>\r\n                <div class=\"col-lg-6 text-end\">\r\n                    <div class=\"achivement-counter\">\r\n                        <ul>\r\n                        \t\t                            <li>\r\n                                    <div class=\"icon\">\r\n\t\t\t\t                       \t\t\t\t                        <i class=\"flaticon-handshake\"><\/i>\r\n\t\t\t\t\t                    \t\t\t\t                    \t\t\t\t                    \t\t\t\t                    <\/div>\r\n\t                                <div class=\"fun-fact\">\r\n\t                                    <div class=\"counter\">\r\n\t                                        <div class=\"timer\" data-to=\"20\" data-speed=\"2000\">20<\/div>\r\n\t                                        <div class=\"operator\">+<\/div>\r\n\t                                    <\/div>\r\n\t                                    <span class=\"medium\">Years of Industry Experience<\/span>\r\n\t                                <\/div>\r\n\t                            <\/li>\r\n                            \t                            <li>\r\n                                    <div class=\"icon\">\r\n\t\t\t\t                       \t\t\t\t                        <i class=\"flaticon-employee\"><\/i>\r\n\t\t\t\t\t                    \t\t\t\t                    \t\t\t\t                    \t\t\t\t                    <\/div>\r\n\t                                <div class=\"fun-fact\">\r\n\t                                    <div class=\"counter\">\r\n\t                                        <div class=\"timer\" data-to=\"100\" data-speed=\"2000\">100<\/div>\r\n\t                                        <div class=\"operator\">%<\/div>\r\n\t                                    <\/div>\r\n\t                                    <span class=\"medium\">Customer Satisfaction<\/span>\r\n\t                                <\/div>\r\n\t                            <\/li>\r\n                                                    <\/ul>\r\n                    <\/div>\r\n                <\/div>\r\n            <\/div>\r\n        <\/div>\r\n    <\/div>\r\n    <!-- End Request Call Back  -->\r\n\r\n    \t\t<\/div>\n\t\t\t\t<\/div>\n\t\t\t\t\t<\/div>\n\t\t<\/div>\n\t\t\t\t\t<\/div>\n\t\t<\/section>\n\t\t\t\t<\/div>\n\t\t","protected":false},"excerpt":{"rendered":"<p>Join a team that grows and develops together! We are a team that achieves together! You can be part of this team. We aim to create an environment where each individual can discover and develop their own talents. DITECH is a technology company with over 20 years of experience, specializing in credit processes within the&#8230;<\/p>\n","protected":false},"author":2,"featured_media":0,"parent":0,"menu_order":0,"comment_status":"closed","ping_status":"closed","template":"elementor_header_footer","meta":{"_coblocks_attr":"","_coblocks_dimensions":"","_coblocks_responsive_height":"","_coblocks_accordion_ie_support":"","_themeisle_gutenberg_block_has_review":false,"footnotes":""},"class_list":["post-3717","page","type-page","status-publish","hentry"],"_links":{"self":[{"href":"https:\/\/dijitalfinans.io\/en\/wp-json\/wp\/v2\/pages\/3717","targetHints":{"allow":["GET"]}}],"collection":[{"href":"https:\/\/dijitalfinans.io\/en\/wp-json\/wp\/v2\/pages"}],"about":[{"href":"https:\/\/dijitalfinans.io\/en\/wp-json\/wp\/v2\/types\/page"}],"author":[{"embeddable":true,"href":"https:\/\/dijitalfinans.io\/en\/wp-json\/wp\/v2\/users\/2"}],"replies":[{"embeddable":true,"href":"https:\/\/dijitalfinans.io\/en\/wp-json\/wp\/v2\/comments?post=3717"}],"version-history":[{"count":23,"href":"https:\/\/dijitalfinans.io\/en\/wp-json\/wp\/v2\/pages\/3717\/revisions"}],"predecessor-version":[{"id":4184,"href":"https:\/\/dijitalfinans.io\/en\/wp-json\/wp\/v2\/pages\/3717\/revisions\/4184"}],"wp:attachment":[{"href":"https:\/\/dijitalfinans.io\/en\/wp-json\/wp\/v2\/media?parent=3717"}],"curies":[{"name":"wp","href":"https:\/\/api.w.org\/{rel}","templated":true}]}}